{"id":64,"date":"2023-08-01T12:29:07","date_gmt":"2023-08-01T12:29:07","guid":{"rendered":"https:\/\/crf.sre-swiss.ch\/?page_id=64"},"modified":"2023-08-01T17:51:59","modified_gmt":"2023-08-01T17:51:59","slug":"sample-page-2-2","status":"publish","type":"page","link":"https:\/\/crf.sre-swiss.ch\/","title":{"rendered":"SRE-Projekte"},"content":{"rendered":"\r\n<h3 style=\"text-align: left;\"><em><img loading=\"lazy\" decoding=\"async\" class=\" wp-image-6 alignleft\" src=\"https:\/\/crf.sre-swiss.ch\/wp-content\/uploads\/2023\/01\/Icon_SRE_RGB.png\" alt=\"\" width=\"121\" height=\"111\" \/><strong><span style=\"color: #008000;\">CrowdInvest &#8211; CrowdFunding &#8211; Crowd-Donation\u00a0<\/span><\/strong><\/em><\/h3>\r\n<p style=\"text-align: left;\"><span style=\"color: #008000;\">Diese Worte geh\u00f6ren zu den sehr h\u00e4ufig verwendeten <em>englisch-sprachigen<\/em> Begriffen unserer Zeitenwende.<img loading=\"lazy\" decoding=\"async\" class=\" wp-image-23 alignright\" src=\"https:\/\/crf.sre-swiss.ch\/wp-content\/uploads\/2023\/03\/crf_ftl_kompassgreen571x406-300x213.png\" alt=\"\" width=\"434\" height=\"308\" srcset=\"https:\/\/crf.sre-swiss.ch\/wp-content\/uploads\/2023\/03\/crf_ftl_kompassgreen571x406-300x213.png 300w, https:\/\/crf.sre-swiss.ch\/wp-content\/uploads\/2023\/03\/crf_ftl_kompassgreen571x406-371x264.png 371w, https:\/\/crf.sre-swiss.ch\/wp-content\/uploads\/2023\/03\/crf_ftl_kompassgreen571x406.png 571w\" sizes=\"auto, (max-width: 434px) 100vw, 434px\" \/><\/span><br \/><span style=\"color: #008000;\">Mit diesen Begriffen soll ausgedr\u00fcckt werden:<\/span><\/p>\r\n<p>&nbsp;<\/p>\r\n<p style=\"text-align: center;\"><strong><span style=\"color: #008000;\"><em>Gute Projekte &#8211; Vorhaben &#8211; Unternehmungen werden durch VIELE Menschen erm\u00f6glicht, welche sich daran beteiligen.<br \/><\/em><\/span><\/strong><\/p>\r\n<p style=\"text-align: center;\"><strong><span style=\"color: #008000;\"><em>Menschen unterst\u00fctzen sinnvolle Projekte wirkungsvoll\u00a0 &#8211;\u00a0 und <\/em><\/span><\/strong><strong><span style=\"color: #008000;\"><em>verhelfen diesen <\/em><\/span><\/strong><strong><span style=\"color: #008000;\"><em>damit <\/em><\/span><\/strong><strong><span style=\"color: #008000;\"><em>zu nachhaltigem Erfolg .<\/em><\/span><\/strong><\/p>\r\n<hr \/>\r\n<p>&nbsp;<\/p>\r\n<p><strong>Jedoch: Was bedeuten diese Begriffe genau<\/strong> ? <br \/>Eine wichtige Frage, zumal diese immer wieder miteinander vermischt, verwechselt werden &#8211; und oft hier Verwirrung besteht<\/p>\r\n<p><strong><a href=\"https:\/\/crf.sre-swiss.ch\/index.php\/sample-page\/\" target=\"_blank\" rel=\"noopener\"><em><span style=\"color: #008000;\">&gt;&gt;&gt; Einige n\u00fctzliche Erl\u00e4uterungen haben wir HIER f\u00fcr Sie \/ f\u00fcr Dich aufgeschrieben:\u00a0\u00a0 &gt;&gt;&gt;<\/span><\/em><\/a><\/strong><\/p>\r\n<p><!--more--><\/p>\r\n<p>&nbsp;<\/p>\r\n<p>&nbsp;<\/p>\r\n<p>&nbsp;<\/p>\r\n<p>&nbsp;<\/p>\r\n","protected":false},"excerpt":{"rendered":"<p>CrowdInvest &#8211; CrowdFunding &#8211; Crowd-Donation\u00a0 Diese Worte geh\u00f6ren zu den sehr h\u00e4ufig verwendeten englisch-sprachigen Begriffen unserer Zeitenwende.Mit diesen Begriffen soll ausgedr\u00fcckt werden: &nbsp; Gute Projekte &#8211; Vorhaben &#8211; Unternehmungen werden durch VIELE Menschen erm\u00f6glicht, welche sich daran beteiligen. Menschen unterst\u00fctzen sinnvolle Projekte wirkungsvoll\u00a0 &#8211;\u00a0 und verhelfen diesen damit zu nachhaltigem Erfolg . &nbsp; Jedoch: Was [&hellip;]<\/p>\n","protected":false},"author":1,"featured_media":0,"parent":0,"menu_order":0,"comment_status":"closed","ping_status":"closed","template":"","meta":{"footnotes":""},"class_list":["post-64","page","type-page","status-publish","hentry"],"_links":{"self":[{"href":"https:\/\/crf.sre-swiss.ch\/index.php\/wp-json\/wp\/v2\/pages\/64","targetHints":{"allow":["GET"]}}],"collection":[{"href":"https:\/\/crf.sre-swiss.ch\/index.php\/wp-json\/wp\/v2\/pages"}],"about":[{"href":"https:\/\/crf.sre-swiss.ch\/index.php\/wp-json\/wp\/v2\/types\/page"}],"author":[{"embeddable":true,"href":"https:\/\/crf.sre-swiss.ch\/index.php\/wp-json\/wp\/v2\/users\/1"}],"replies":[{"embeddable":true,"href":"https:\/\/crf.sre-swiss.ch\/index.php\/wp-json\/wp\/v2\/comments?post=64"}],"version-history":[{"count":11,"href":"https:\/\/crf.sre-swiss.ch\/index.php\/wp-json\/wp\/v2\/pages\/64\/revisions"}],"predecessor-version":[{"id":90,"href":"https:\/\/crf.sre-swiss.ch\/index.php\/wp-json\/wp\/v2\/pages\/64\/revisions\/90"}],"wp:attachment":[{"href":"https:\/\/crf.sre-swiss.ch\/index.php\/wp-json\/wp\/v2\/media?parent=64"}],"curies":[{"name":"wp","href":"https:\/\/api.w.org\/{rel}","templated":true}]}}