{"id":2,"date":"2023-01-20T19:13:14","date_gmt":"2023-01-20T19:13:14","guid":{"rendered":"https:\/\/crf.sre-swiss.ch\/4103sre1sd.cr\/?page_id=2"},"modified":"2023-08-01T17:55:25","modified_gmt":"2023-08-01T17:55:25","slug":"sample-page","status":"publish","type":"page","link":"https:\/\/crf.sre-swiss.ch\/index.php\/sample-page\/","title":{"rendered":"Was bedeutet &#8222;CrowdFunding&#8220; eigentlich&nbsp;?"},"content":{"rendered":"\r\n<h3 style=\"text-align: left;\"><em><img loading=\"lazy\" decoding=\"async\" class=\" wp-image-6 alignleft\" src=\"https:\/\/crf.sre-swiss.ch\/wp-content\/uploads\/2023\/01\/Icon_SRE_RGB.png\" alt=\"\" width=\"121\" height=\"111\" \/><strong><span style=\"color: #008000;\">CrowdInvest &#8211; CrowdFunding &#8211; Crowd-Donation &#8230;<\/span><\/strong><\/em><\/h3>\r\n<h3 style=\"text-align: left;\"><span style=\"color: #008000;\">&#8230; geh\u00f6ren zu den sehr h\u00e4ufig verwendeten <em>englisch-sprachigen<\/em> Begriffen unserer Zeitenwende.<img loading=\"lazy\" decoding=\"async\" class=\" wp-image-23 alignright\" src=\"https:\/\/crf.sre-swiss.ch\/wp-content\/uploads\/2023\/03\/crf_ftl_kompassgreen571x406-300x213.png\" alt=\"\" width=\"317\" height=\"225\" srcset=\"https:\/\/crf.sre-swiss.ch\/wp-content\/uploads\/2023\/03\/crf_ftl_kompassgreen571x406-300x213.png 300w, https:\/\/crf.sre-swiss.ch\/wp-content\/uploads\/2023\/03\/crf_ftl_kompassgreen571x406-371x264.png 371w, https:\/\/crf.sre-swiss.ch\/wp-content\/uploads\/2023\/03\/crf_ftl_kompassgreen571x406.png 571w\" sizes=\"auto, (max-width: 317px) 100vw, 317px\" \/><\/span><br \/><span style=\"color: #008000;\">Mit diesen Begriffe soll gesagt werden:<\/span><\/h3>\r\n<h3 style=\"text-align: center;\"><span style=\"color: #008000;\"><strong><em>Gute Projekte &#8211; Vorhaben &#8211; Unternehmungen werden durch VIELE Menschen erm\u00f6glicht, welche sich daran beteiligen.<br \/><\/em><\/strong><\/span><\/h3>\r\n<h3 style=\"text-align: center;\"><span style=\"color: #008000;\"><strong><em>Menschen unterst\u00fctzen sinnvolle Projekte wirkungsvoll\u00a0 &#8211;\u00a0 und <\/em><\/strong><strong><em>verhelfen diesen <\/em><\/strong><strong><em>damit <\/em><\/strong><strong><em>zu nachhaltigem Erfolg .<\/em><\/strong><\/span><\/h3>\r\n<p style=\"text-align: center;\"><strong><em>\u00a0<\/em><\/strong><\/p>\r\n<p>Hier unsere n\u00e4heren Erl\u00e4uterungen zu diesen modern &#8211; leider h\u00e4ufig recht beliebig &#8211; benutzten Begriffen:<\/p>\r\n<hr \/>\r\n<ul>\r\n<li><span style=\"color: #0000ff;\"><strong><em>\u00a0CrowdInvest<\/em><\/strong><\/span> &#8211; eine Mehrzahl an Menschen INVESTIERT in ein Projekt. Das investierte Geld wird angelegt und nach faireinbarter Laufzeit zur\u00fcck gezahlt. Au\u00dferdem k\u00f6nnen AnlegerInnen \/ InvestorInnen hier eine Rendite erwarten (<span style=\"color: #008000;\"><strong>diese sch\u00fcttet die SRE Swiss Genossenschaft als Dividende aus<\/strong><\/span>) CrowdInvestments k\u00f6nnen nach Wunsch auch l\u00e4nger oder unbefristet im Projekt fairbleiben . Was zum Beispiel bei Immobilien und Produktions-Anlagen \/ Maschinen viel Sinn macht. Hier ist der\/die InvestorIn an den Einnahmen , Ertr\u00e4gen (also Mieten, Pachten, Produktivit\u00e4t) beteiligt.<\/li>\r\n<\/ul>\r\n<p>&nbsp;<\/p>\r\n<hr \/>\r\n<p>&nbsp;<\/p>\r\n<ul>\r\n<li><span style=\"color: #0000ff;\"><strong><em>CrowdFunding<\/em><\/strong> <\/span>&#8211; eigentlich eine Variante des CrowdInvest- Wobei hier der Schwerpunkt auf der gesamten Neu-Gr\u00fcndung eines Unternehmens, einer Organisation &#8211; &#8222;STARTUP-Unternehmungen&#8220; mit einer speziellen Gesch\u00e4ftsidee und einem entsprechenden Gesamtkonzept (&#8222;BusinessPlan&#8220;) liegt.\u00a0 In der Regel erha\u00e4lt der\/die InvestorIn an dieser Neu-Gr\u00fcndung Gesch\u00e4ftsanteile (z.B. Aktien), die bei Erfolg im Handelswert steigen und ebenfalls Dividenden generieren k\u00f6nnen.<\/li>\r\n<\/ul>\r\n<p>&nbsp;<\/p>\r\n<hr \/>\r\n<p>&nbsp;<\/p>\r\n<ul>\r\n<li><span style=\"color: #008000;\"><strong><em>Crowd-Donation<\/em><\/strong><\/span> &#8211; eine Mehrzahl \/ Vielzahl von Menschen unterst\u00fctzen hier eine Idee, ein Vorhaben mit einer <span style=\"color: #008000;\"><strong>SPENDE<\/strong><\/span>. Diese Projekt-F\u00f6rderung mit einer <span style=\"color: #008000;\"><strong>Spende<\/strong> <\/span>&#8211; oft auch mit kleineren Betr\u00e4gen &#8211; wird oft mit <em>CrowdFunding<\/em> verwechselt oder gleich gesetzt. Bei <em><span style=\"color: #008000;\">Spenden-F\u00f6rderung<\/span><\/em> erh\u00e4lt der unterst\u00fctzende Mensch kein Geld zur\u00fcck &#8211; und erwartet das auch nicht ! Es ist wunderbar, da\u00df es solche bewusste Menschen gibt, welche mit dieser gro\u00dfz\u00fcgigen, ideellen Geisteshaltung viele gute und wichtige Vorhaben \u00fcberhaupt erst m\u00f6glich werden lassen !\u00a0 Oftmals bedankt sich das Projekt und die dort aktiven Menschen bei den Spenerinnen und Spendern mit einem besonderen Geschenk (zum Beipiel eine Einladung, ein Gutschein, Eintrittskarte, ein handwerkliches Erzeugnis aus der Projekt-Manufaktur, ein kleines Kunstwerk, oder z.B. ein \u00d6l aus eigener \u00d6lm\u00fchle, etwas aus der eigenen PERMA-Kultur &#8230; oder &#8230; oder &#8230;)<\/li>\r\n<\/ul>\r\n<p>&nbsp;<\/p>\r\n<hr \/>\r\n<ul>\r\n<li><span style=\"color: #008000;\">Mischformen aus <\/span><strong><em><span style=\"color: #008000;\">CrowdFunding und Crowd-Spenden &#8211;<\/span><\/em><\/strong><span style=\"color: #008000;\"> gemeinn\u00fctzig ausgerichtete, nachhaltige, oekologische, ethische Projekte werden oft auf beiden Wegen parallel unterst\u00fctzt und so noch besser, tragf\u00e4higer und erfolgreicher erm\u00f6glicht<\/span><strong><em><br \/><\/em><\/strong><\/li>\r\n<\/ul>\r\n","protected":false},"excerpt":{"rendered":"<p>CrowdInvest &#8211; CrowdFunding &#8211; Crowd-Donation &#8230; &#8230; geh\u00f6ren zu den sehr h\u00e4ufig verwendeten englisch-sprachigen Begriffen unserer Zeitenwende.Mit diesen Begriffe soll gesagt werden: Gute Projekte &#8211; Vorhaben &#8211; Unternehmungen werden durch VIELE Menschen erm\u00f6glicht, welche sich daran beteiligen. Menschen unterst\u00fctzen sinnvolle Projekte wirkungsvoll\u00a0 &#8211;\u00a0 und verhelfen diesen damit zu nachhaltigem Erfolg . \u00a0 Hier unsere n\u00e4heren [&hellip;]<\/p>\n","protected":false},"author":1,"featured_media":0,"parent":0,"menu_order":0,"comment_status":"closed","ping_status":"closed","template":"","meta":{"footnotes":""},"class_list":["post-2","page","type-page","status-publish","hentry"],"_links":{"self":[{"href":"https:\/\/crf.sre-swiss.ch\/index.php\/wp-json\/wp\/v2\/pages\/2","targetHints":{"allow":["GET"]}}],"collection":[{"href":"https:\/\/crf.sre-swiss.ch\/index.php\/wp-json\/wp\/v2\/pages"}],"about":[{"href":"https:\/\/crf.sre-swiss.ch\/index.php\/wp-json\/wp\/v2\/types\/page"}],"author":[{"embeddable":true,"href":"https:\/\/crf.sre-swiss.ch\/index.php\/wp-json\/wp\/v2\/users\/1"}],"replies":[{"embeddable":true,"href":"https:\/\/crf.sre-swiss.ch\/index.php\/wp-json\/wp\/v2\/comments?post=2"}],"version-history":[{"count":12,"href":"https:\/\/crf.sre-swiss.ch\/index.php\/wp-json\/wp\/v2\/pages\/2\/revisions"}],"predecessor-version":[{"id":92,"href":"https:\/\/crf.sre-swiss.ch\/index.php\/wp-json\/wp\/v2\/pages\/2\/revisions\/92"}],"wp:attachment":[{"href":"https:\/\/crf.sre-swiss.ch\/index.php\/wp-json\/wp\/v2\/media?parent=2"}],"curies":[{"name":"wp","href":"https:\/\/api.w.org\/{rel}","templated":true}]}}